{"id":5964,"date":"2025-09-05T09:20:29","date_gmt":"2025-09-05T14:20:29","guid":{"rendered":"https:\/\/www.movilidadmanizales.com.co\/contenidos\/?page_id=5964"},"modified":"2025-09-05T09:20:29","modified_gmt":"2025-09-05T14:20:29","slug":"cursos-viales","status":"publish","type":"page","link":"https:\/\/www.movilidadmanizales.com.co\/contenidos\/cursos-viales\/","title":{"rendered":"Cursos viales"},"content":{"rendered":"<div class=\"wpb-content-wrapper\"><p>[vc_row full_width=\u00bbstretch_row_content_no_spaces\u00bb canvas=\u00bb%5B%7B%22element%22%3A%22image%22%2C%22shape%22%3A%22shape-1%22%2C%22image_effect%22%3A%22style-1%22%2C%22smoothness%22%3A%2230%22%7D%5D\u00bb bg_type=\u00bbimage\u00bb parallax_style=\u00bbvcpb-default\u00bb bg_image_new=\u00bbid^5974|url^https:\/\/www.movilidadmanizales.com.co\/contenidos\/wp-content\/uploads\/2025\/08\/aula-clases-1.png|caption^null|alt^null|title^aula-clases|description^null\u00bb bg_image_repeat=\u00bbno-repeat\u00bb css=\u00bb.vc_custom_1756419207628{margin-bottom: 0px !important;padding-top: 180px !important;padding-bottom: 180px !important;}\u00bb][vc_column][vc_row_inner][vc_column_inner][vc_custom_heading text=\u00bbCursos viales y horarios de atenci\u00f3n\u00bb font_container=\u00bbtag:h1|font_size:60px|text_align:center|color:%23ffffff|line_height:64px\u00bb use_theme_fonts=\u00bbyes\u00bb css=\u00bb\u00bb][\/vc_column_inner][\/vc_row_inner][\/vc_column][\/vc_row][vc_row canvas=\u00bb%5B%7B%22element%22%3A%22image%22%2C%22shape%22%3A%22shape-1%22%2C%22image_effect%22%3A%22style-1%22%2C%22smoothness%22%3A%2230%22%7D%5D\u00bb css=\u00bb.vc_custom_1697819386587{margin-top: 5% !important;}\u00bb][vc_column][vc_tta_tabs section_title_tag=\u00bbh2&#8243; style=\u00bbmodern\u00bb spacing=\u00bb4&#8243; active_section=\u00bb1&#8243;][vc_tta_section title=\u00bbSede centro\u00bb tab_id=\u00bb1697819112702-f3c8d29d-8a6e\u00bb][vc_row_inner][vc_column_inner width=\u00bb1\/4&#8243;][vc_icon icon_fontawesome=\u00bbfas fa-map-marker-alt\u00bb color=\u00bbcustom\u00bb background_style=\u00bbrounded-less\u00bb background_color=\u00bbcustom\u00bb size=\u00bbxs\u00bb css=\u00bb\u00bb custom_color=\u00bb#ffffff\u00bb custom_background_color=\u00bb#103553&#8243;][vc_column_text css=\u00bb.vc_custom_1756245137113{margin-bottom: 0px !important;}\u00bb]<\/p>\n<h4 class=\"location-title text-primary\">Direcci\u00f3n<\/h4>\n<p class=\"location-text\">22 Cra. 19 Esquina<br \/>\nManizales, Caldas.<\/p>\n<p>[\/vc_column_text][vc_empty_space height=\u00bb15px\u00bb][vc_column_text css=\u00bb.vc_custom_1756246064486{margin-bottom: 0px !important;}\u00bb]<\/p>\n<h4>Debes presentar<\/h4>\n<p>Documento de identidad[\/vc_column_text][vc_empty_space height=\u00bb15px\u00bb][vc_column_text css=\u00bb.vc_custom_1756246088046{margin-bottom: 0px !important;}\u00bb]<\/p>\n<h4>Medios de pago<\/h4>\n<p>Efectivo, tarjeta d\u00e9bito o cr\u00e9dito visa o Master Card o a trav\u00e9s de este portal.[\/vc_column_text][vc_empty_space height=\u00bb15px\u00bb][vc_btn title=\u00bb\u00bfC\u00f3mo llegar?\u00bb style=\u00bboutline-custom\u00bb outline_custom_color=\u00bb#103553&#8243; outline_custom_hover_background=\u00bb#103553&#8243; outline_custom_hover_text=\u00bb#ffffff\u00bb align=\u00bbleft\u00bb css=\u00bb\u00bb link=\u00bburl:https%3A%2F%2Fmaps.app.goo.gl%2F3AraRQXJFrW1TFEY8|target:_blank\u00bb][\/vc_column_inner][vc_column_inner width=\u00bb1\/4&#8243; css=\u00bb.vc_custom_1712786263469{padding-right: 10px !important;}\u00bb][vc_icon icon_fontawesome=\u00bbfar fa-calendar-alt\u00bb color=\u00bbcustom\u00bb background_style=\u00bbrounded-less\u00bb background_color=\u00bbcustom\u00bb size=\u00bbxs\u00bb css=\u00bb\u00bb custom_color=\u00bb#ffffff\u00bb custom_background_color=\u00bb#103553&#8243;][vc_column_text css=\u00bb.vc_custom_1756246476677{margin-left: -5px !important;padding-right: 10px !important;}\u00bb]<\/p>\n<h4 class=\"location-title text-primary\">Horario de atenci\u00f3n<\/h4>\n<p><span class=\"location-number\" style=\"font-weight: bold;\">Lunes a jueves\u00a0<\/span><br \/>\n6:50 a.m. &#8211; 9:20 a.m. &#8211; 11:45 a.m. &#8211; 2:20 p.m. &#8211; 4:45 p.m.<\/p>\n<p><span class=\"location-number\" style=\"font-weight: bold;\">Viernes\u00a0<\/span><br \/>\n6:50 a.m. &#8211; 09:20 a.m. &#8211; 11:45 a.m. &#8211; 2:20 p.m.<\/p>\n<p><span class=\"location-number\" style=\"font-weight: bold;\">S\u00e1bado<\/span><br \/>\n7:15 a.m. y 9:50 a.m[\/vc_column_text][vc_empty_space height=\u00bb15px\u00bb][\/vc_column_inner][vc_column_inner width=\u00bb1\/2&#8243;][vc_gmaps link=\u00bb#E-8_JTNDaWZyYW1lJTIwc3JjJTNEJTIyaHR0cHMlM0ElMkYlMkZ3d3cuZ29vZ2xlLmNvbSUyRm1hcHMlMkZlbWJlZCUzRnBiJTNEJTIxMW0xOCUyMTFtMTIlMjExbTMlMjExZDM5NzQuMjEwNzk2MjE0NjIzMyUyMTJkLTc1LjUyMTkzNTA3MzA0Njg1JTIxM2Q1LjA2OTU1NDAwMDAwMDAwNyUyMTJtMyUyMTFmMCUyMTJmMCUyMTNmMCUyMTNtMiUyMTFpMTAyNCUyMTJpNzY4JTIxNGYxMy4xJTIxM20zJTIxMW0yJTIxMXMweDhlNDc2ZmZhZjIyNjZkM2YlMjUzQTB4MTk4ZDZiYjk4YjYyY2I1YyUyMTJzU2VjcmV0YXIlMjVDMyUyNUFEYSUyNTIwZGUlMjUyME1vdmlsaWRhZCUyNTIwZGUlMjUyME1hbml6YWxlcyUyMTVlMCUyMTNtMiUyMTFzZXMlMjEyc2NvJTIxNHYxNzU2MjQ2OTgzOTgxJTIxNW0yJTIxMXNlcyUyMTJzY28lMjIlMjB3aWR0aCUzRCUyMjYwMCUyMiUyMGhlaWdodCUzRCUyMjQ1MCUyMiUyMHN0eWxlJTNEJTIyYm9yZGVyJTNBMCUzQiUyMiUyMGFsbG93ZnVsbHNjcmVlbiUzRCUyMiUyMiUyMGxvYWRpbmclM0QlMjJsYXp5JTIyJTIwcmVmZXJyZXJwb2xpY3klM0QlMjJuby1yZWZlcnJlci13aGVuLWRvd25ncmFkZSUyMiUzRSUzQyUyRmlmcmFtZSUzRQ==\u00bb size=\u00bb300&#8243; css=\u00bb\u00bb][\/vc_column_inner][\/vc_row_inner][\/vc_tta_section][vc_tta_section title=\u00bbSede cable\u00bb tab_id=\u00bb1697819279409-9bb584ca-24d5&#8243;][vc_row_inner][vc_column_inner width=\u00bb1\/4&#8243;][vc_icon icon_fontawesome=\u00bbfas fa-map-marker-alt\u00bb color=\u00bbcustom\u00bb background_style=\u00bbrounded-less\u00bb background_color=\u00bbcustom\u00bb size=\u00bbxs\u00bb css=\u00bb\u00bb custom_color=\u00bb#ffffff\u00bb custom_background_color=\u00bb#103553&#8243;][vc_column_text css=\u00bb.vc_custom_1756246747812{margin-bottom: 0px !important;}\u00bb]<\/p>\n<h4 class=\"location-title text-primary\">Direcci\u00f3n<\/h4>\n<p class=\"location-text\">Edificio Siglo XXI, local 4b, sector El Cable<br \/>\nManizales, Caldas.<\/p>\n<p>[\/vc_column_text][vc_empty_space height=\u00bb15px\u00bb][vc_column_text css=\u00bb.vc_custom_1756244915018{margin-bottom: 0px !important;}\u00bb]<\/p>\n<h4>Debes presentar<\/h4>\n<p>Documento de identidad[\/vc_column_text][vc_empty_space height=\u00bb15px\u00bb][vc_column_text css=\u00bb.vc_custom_1756244990571{margin-bottom: 0px !important;}\u00bb]<\/p>\n<h4>Medios de pago<\/h4>\n<p>Efectivo, tarjeta d\u00e9bito o cr\u00e9dito visa o Master Card o a trav\u00e9s de este portal.[\/vc_column_text][vc_empty_space height=\u00bb15px\u00bb][vc_btn title=\u00bb\u00bfC\u00f3mo llegar?\u00bb style=\u00bboutline-custom\u00bb outline_custom_color=\u00bb#103553&#8243; outline_custom_hover_background=\u00bb#103553&#8243; outline_custom_hover_text=\u00bb#ffffff\u00bb align=\u00bbleft\u00bb css=\u00bb\u00bb link=\u00bburl:https%3A%2F%2Fmaps.app.goo.gl%2FXkeG73sa11XHv8Kx7|target:_blank\u00bb][\/vc_column_inner][vc_column_inner width=\u00bb1\/4&#8243;][vc_icon icon_fontawesome=\u00bbfar fa-calendar-alt\u00bb color=\u00bbcustom\u00bb background_style=\u00bbrounded-less\u00bb background_color=\u00bbcustom\u00bb size=\u00bbxs\u00bb css=\u00bb\u00bb custom_color=\u00bb#ffffff\u00bb custom_background_color=\u00bb#103553&#8243;][vc_column_text css=\u00bb\u00bb]<\/p>\n<h4 class=\"location-title text-primary\">Horario de atenci\u00f3n<\/h4>\n<p><span class=\"location-number\" style=\"font-weight: bold;\">Lunes a jueves\u00a0<\/span><br \/>\n6:50 a.m. &#8211; 9:20 a.m. &#8211; 11:45 a.m. &#8211; 2:20 p.m. &#8211; 4:45 p.m.<\/p>\n<p><span class=\"location-number\" style=\"font-weight: bold;\">Viernes<\/span><br \/>\n6:50 a.m. &#8211; 09:20 a.m. &#8211; 11:45 a.m. &#8211; 2:20 p.m.<\/p>\n<p><span class=\"location-number\" style=\"font-weight: bold;\">S\u00e1bado<\/span><br \/>\n7:15 a.m. y 9:50 a.m[\/vc_column_text][vc_empty_space height=\u00bb15px\u00bb][\/vc_column_inner][vc_column_inner width=\u00bb1\/2&#8243;][vc_gmaps link=\u00bb#E-8_JTNDaWZyYW1lJTIwc3JjJTNEJTIyaHR0cHMlM0ElMkYlMkZ3d3cuZ29vZ2xlLmNvbSUyRm1hcHMlMkZlbWJlZCUzRnBiJTNEJTIxMW0xOCUyMTFtMTIlMjExbTMlMjExZDM5NzQuMjkwNTM4MTk2MzUxJTIxMmQtNzUuNDkwMTM1OTAzNjM4NCUyMTNkNS4wNTY1NzgyOTU5MjIxODglMjEybTMlMjExZjAlMjEyZjAlMjEzZjAlMjEzbTIlMjExaTEwMjQlMjEyaTc2OCUyMTRmMTMuMSUyMTNtMyUyMTFtMiUyMTFzMHg4ZTQ3NjU3ZWIwYjZjMWY1JTI1M0EweDFiMzRiZDNiOGFlODg0NjAlMjEyc0NlbnRybyUyNTIwZGUlMjUyME5lZ29jaW9zJTI1MjBTaWdsbyUyNTIwWFhJJTIxNWUwJTIxM20yJTIxMXNlcyUyMTJzY28lMjE0djE3NTYyMzkyNzQ3MDQlMjE1bTIlMjExc2VzJTIxMnNjbyUyMiUyMHdpZHRoJTNEJTIyNjAwJTIyJTIwaGVpZ2h0JTNEJTIyNDUwJTIyJTIwc3R5bGUlM0QlMjJib3JkZXIlM0EwJTNCJTIyJTIwYWxsb3dmdWxsc2NyZWVuJTNEJTIyJTIyJTIwbG9hZGluZyUzRCUyMmxhenklMjIlMjByZWZlcnJlcnBvbGljeSUzRCUyMm5vLXJlZmVycmVyLXdoZW4tZG93bmdyYWRlJTIyJTNFJTNDJTJGaWZyYW1lJTNF\u00bb size=\u00bb300&#8243; css=\u00bb\u00bb][\/vc_column_inner][\/vc_row_inner][\/vc_tta_section][\/vc_tta_tabs][\/vc_column][\/vc_row][vc_row equal_height=\u00bbyes\u00bb content_placement=\u00bbtop\u00bb disable_element=\u00bbyes\u00bb canvas=\u00bb%5B%7B%22element%22%3A%22image%22%2C%22shape%22%3A%22shape-1%22%2C%22image_effect%22%3A%22style-1%22%2C%22smoothness%22%3A%2230%22%7D%5D\u00bb css=\u00bb.vc_custom_1697819445152{margin-top: -60px !important;}\u00bb][vc_column]<div class=\"ult-content-box-container \" >\t\t<div class=\"ult-content-box\" style=\"background-color:#ffffff;box-shadow: -4px 3px 10px 5px rgba(216,216,216,0.41) ;border-style:solid;border-width:1px;border-radius:3px;border-color:#ededed;padding-top:25px;padding-right:25px;padding-bottom:25px;padding-left:25px;-webkit-transition: all 700ms ease;-moz-transition: all 700ms ease;-ms-transition: all 700ms ease;-o-transition: all 700ms ease;transition: all 700ms ease;\"  data-hover_box_shadow=\" -4px 3px 10px 5px rgba(216,216,216,0.41) \"     data-bg=\"#ffffff\"  data-border_color=\"#ededed\" >[vc_custom_heading text=\u00bbSede Centro\u00bb font_container=\u00bbtag:h1|text_align:left\u00bb use_theme_fonts=\u00bbyes\u00bb][vc_row_inner equal_height=\u00bbyes\u00bb][vc_column_inner width=\u00bb1\/4&#8243;][vc_icon icon_fontawesome=\u00bbfas fa-map-marker-alt\u00bb color=\u00bbcustom\u00bb background_style=\u00bbrounded-less\u00bb background_color=\u00bbcustom\u00bb size=\u00bbxs\u00bb custom_color=\u00bb#ffffff\u00bb custom_background_color=\u00bb#205072&#8243;][vc_column_text css=\u00bb.vc_custom_1687289471694{margin-bottom: 0px !important;}\u00bb]<\/p>\n<h4 class=\"location-title text-primary\">Direcci\u00f3n<\/h4>\n<p class=\"location-text\">Calle 22 Carrera 19, esquina.<br \/>\nBarrio Centro, Manizales, Caldas.<\/p>\n<p>[\/vc_column_text][vc_empty_space height=\u00bb15px\u00bb][vc_column_text css=\u00bb.vc_custom_1695842347808{margin-bottom: 0px !important;}\u00bb]<\/p>\n<h4>L\u00edneas de atenci\u00f3n<\/h4>\n<p>Fijo: 606 891 84 94<br \/>\nM\u00f3vil y WhatsApp: 333 602 55 21[\/vc_column_text][vc_empty_space height=\u00bb15px\u00bb][vc_btn title=\u00bb\u00bfC\u00f3mo llegar?\u00bb style=\u00bboutline-custom\u00bb outline_custom_color=\u00bb#205072&#8243; outline_custom_hover_background=\u00bb#4d738e\u00bb outline_custom_hover_text=\u00bb#ffffff\u00bb align=\u00bbleft\u00bb link=\u00bburl:https%3A%2F%2Fmaps.app.goo.gl%2F3AraRQXJFrW1TFEY8|target:_blank\u00bb][\/vc_column_inner][vc_column_inner width=\u00bb1\/4&#8243;][vc_icon icon_fontawesome=\u00bbfar fa-calendar-alt\u00bb color=\u00bbcustom\u00bb background_style=\u00bbrounded-less\u00bb background_color=\u00bbcustom\u00bb size=\u00bbxs\u00bb custom_color=\u00bb#ffffff\u00bb custom_background_color=\u00bb#205072&#8243;][vc_column_text]<\/p>\n<h4 class=\"location-title text-primary\">Horario de atenci\u00f3n<\/h4>\n<p><span class=\"location-number\" style=\"font-weight: bold;\">Lunes a jueves\u00a0<\/span><br \/>\n<span class=\"location-text\">7:30 a. m. a 5:00 p. m. (Jornada continua)<\/span><\/p>\n<p><span class=\"location-number\" style=\"font-weight: bold;\">Viernes\u00a0<\/span><br \/>\n<span class=\"location-text\">7:30 a. m. a 4:00 p. m. (Jornada continua)<\/span><\/p>\n<p><span class=\"location-number\" style=\"font-weight: bold;\">S\u00e1bado<\/span><br \/>\n<span class=\"location-text\">9:00 a. m. a 12:00 m.<\/span>[\/vc_column_text][vc_empty_space height=\u00bb15px\u00bb][\/vc_column_inner][vc_column_inner width=\u00bb1\/2&#8243;][vc_gmaps link=\u00bb#E-8_JTNDaWZyYW1lJTIwc3JjJTNEJTIyaHR0cHMlM0ElMkYlMkZ3d3cuZ29vZ2xlLmNvbSUyRm1hcHMlMkZlbWJlZCUzRnBiJTNEJTIxMW0xNCUyMTFtOCUyMTFtMyUyMTFkMTU4OTYuODQ1NTg3MDk4NzE1JTIxMmQtNzUuNTE3Nzg3MiUyMTNkNS4wNjk0NTY0JTIxM20yJTIxMWkxMDI0JTIxMmk3NjglMjE0ZjEzLjElMjEzbTMlMjExbTIlMjExczB4OGU0NzZmZmFmMjI2NmQzZiUyNTNBMHgxOThkNmJiOThiNjJjYjVjJTIxMnNTZWNyZXRhciUyNUMzJTI1QURhJTI1MjBkZSUyNTIwTW92aWxpZGFkJTI1MjBkZSUyNTIwTWFuaXphbGVzJTIxNWUwJTIxM20yJTIxMXNlcyUyMTJzY28lMjE0djE2OTU4NDIyMTU3OTIlMjE1bTIlMjExc2VzJTIxMnNjbyUyMiUyMHdpZHRoJTNEJTIyNjAwJTIyJTIwaGVpZ2h0JTNEJTIyNDUwJTIyJTIwc3R5bGUlM0QlMjJib3JkZXIlM0EwJTNCJTIyJTIwYWxsb3dmdWxsc2NyZWVuJTNEJTIyJTIyJTIwbG9hZGluZyUzRCUyMmxhenklMjIlMjByZWZlcnJlcnBvbGljeSUzRCUyMm5vLXJlZmVycmVyLXdoZW4tZG93bmdyYWRlJTIyJTNFJTNDJTJGaWZyYW1lJTNF\u00bb size=\u00bb300&#8243;][\/vc_column_inner][\/vc_row_inner]\t\t<\/div><\/div>[\/vc_column][\/vc_row][vc_row][vc_column][vc_empty_space height=\u00bb60px\u00bb][\/vc_column][\/vc_row][vc_row equal_height=\u00bbyes\u00bb content_placement=\u00bbtop\u00bb disable_element=\u00bbyes\u00bb canvas=\u00bb%5B%7B%22element%22%3A%22image%22%2C%22shape%22%3A%22shape-1%22%2C%22image_effect%22%3A%22style-1%22%2C%22smoothness%22%3A%2230%22%7D%5D\u00bb][vc_column]<div class=\"ult-content-box-container \" >\t\t<div class=\"ult-content-box\" style=\"background-color:#ffffff;box-shadow: -4px 3px 10px 5px rgba(216,216,216,0.41) ;border-style:solid;border-width:1px;border-radius:3px;border-color:#ededed;padding-top:25px;padding-right:25px;padding-bottom:25px;padding-left:25px;-webkit-transition: all 700ms ease;-moz-transition: all 700ms ease;-ms-transition: all 700ms ease;-o-transition: all 700ms ease;transition: all 700ms ease;\"  data-hover_box_shadow=\" -4px 3px 10px 5px rgba(216,216,216,0.41) \"     data-bg=\"#ffffff\"  data-border_color=\"#ededed\" >[vc_custom_heading text=\u00bbSede Centro de Negocios Siglo XXI\u00bb font_container=\u00bbtag:h1|text_align:left\u00bb use_theme_fonts=\u00bbyes\u00bb][vc_row_inner equal_height=\u00bbyes\u00bb][vc_column_inner width=\u00bb1\/4&#8243;][vc_icon icon_fontawesome=\u00bbfas fa-map-marker-alt\u00bb color=\u00bbcustom\u00bb background_style=\u00bbrounded-less\u00bb background_color=\u00bbcustom\u00bb size=\u00bbxs\u00bb custom_color=\u00bb#ffffff\u00bb custom_background_color=\u00bb#205072&#8243;][vc_column_text css=\u00bb.vc_custom_1695847769494{margin-bottom: 0px !important;}\u00bb]<\/p>\n<h4 class=\"location-title text-primary\">Direcci\u00f3n<\/h4>\n<p class=\"location-text\">Edificio Siglo XXI, local 7, sector El Cable.<br \/>\nManizales, Caldas.<\/p>\n<p>[\/vc_column_text][vc_empty_space height=\u00bb15px\u00bb][vc_column_text css=\u00bb.vc_custom_1695842357230{margin-bottom: 0px !important;}\u00bb]<\/p>\n<h4>L\u00edneas de atenci\u00f3n<\/h4>\n<p>Fijo: 606 891 84 94<br \/>\nM\u00f3vil y WhatsApp: 333 602 55 21[\/vc_column_text][vc_empty_space height=\u00bb15px\u00bb][vc_btn title=\u00bb\u00bfC\u00f3mo llegar?\u00bb style=\u00bboutline-custom\u00bb outline_custom_color=\u00bb#205072&#8243; outline_custom_hover_background=\u00bb#4d738e\u00bb outline_custom_hover_text=\u00bb#ffffff\u00bb align=\u00bbleft\u00bb link=\u00bburl:https%3A%2F%2Fmaps.app.goo.gl%2FXkeG73sa11XHv8Kx7|target:_blank\u00bb][\/vc_column_inner][vc_column_inner width=\u00bb1\/4&#8243;][vc_icon icon_fontawesome=\u00bbfar fa-calendar-alt\u00bb color=\u00bbcustom\u00bb background_style=\u00bbrounded-less\u00bb background_color=\u00bbcustom\u00bb size=\u00bbxs\u00bb custom_color=\u00bb#ffffff\u00bb custom_background_color=\u00bb#205072&#8243;][vc_column_text]<\/p>\n<h4 class=\"location-title text-primary\">Horario de atenci\u00f3n<\/h4>\n<p><span class=\"location-number\" style=\"font-weight: bold;\">Lunes a jueves\u00a0<\/span><br \/>\n<span class=\"location-text\">7:30 a. m. a 12:00 m. y de 1:00 p. m. a 5:00 p. m.<\/span><\/p>\n<p><span class=\"location-number\" style=\"font-weight: bold;\">Viernes<\/span><br \/>\n<span class=\"location-text\">7:30 a. m. a 12:00 m. y de 1:00 p.m. a 4:00 p. m.\u00a0<\/span><\/p>\n<p><span class=\"location-number\" style=\"font-weight: bold;\">S\u00e1bado<\/span><br \/>\n<span class=\"location-text\">9:00 a. m. a 12:00 m.<\/span>[\/vc_column_text][vc_empty_space height=\u00bb15px\u00bb][\/vc_column_inner][vc_column_inner width=\u00bb1\/2&#8243;][vc_gmaps link=\u00bb#E-8_JTNDaWZyYW1lJTIwc3JjJTNEJTIyaHR0cHMlM0ElMkYlMkZ3d3cuZ29vZ2xlLmNvbSUyRm1hcHMlMkZlbWJlZCUzRnBiJTNEJTIxMW0xNCUyMTFtOCUyMTFtMyUyMTFkMTU4OTcuMTYxNzMwNDE1NjU3JTIxMmQtNzUuNDg1OTU4MSUyMTNkNS4wNTY1OTU1JTIxM20yJTIxMWkxMDI0JTIxMmk3NjglMjE0ZjEzLjElMjEzbTMlMjExbTIlMjExczB4OGU0NzY1N2ViMGI2YzFmNSUyNTNBMHgxYjM0YmQzYjhhZTg4NDYwJTIxMnNDZW50cm8lMjUyMGRlJTI1MjBOZWdvY2lvcyUyNTIwU2lnbG8lMjUyMFhYSSUyMTVlMCUyMTNtMiUyMTFzZXMlMjEyc2NvJTIxNHYxNjk1ODQ1OTQwNTIwJTIxNW0yJTIxMXNlcyUyMTJzY28lMjIlMjB3aWR0aCUzRCUyMjYwMCUyMiUyMGhlaWdodCUzRCUyMjQ1MCUyMiUyMHN0eWxlJTNEJTIyYm9yZGVyJTNBMCUzQiUyMiUyMGFsbG93ZnVsbHNjcmVlbiUzRCUyMiUyMiUyMGxvYWRpbmclM0QlMjJsYXp5JTIyJTIwcmVmZXJyZXJwb2xpY3klM0QlMjJuby1yZWZlcnJlci13aGVuLWRvd25ncmFkZSUyMiUzRSUzQyUyRmlmcmFtZSUzRQ==\u00bb size=\u00bb300&#8243;][\/vc_column_inner][\/vc_row_inner]\t\t<\/div><\/div>[\/vc_column][\/vc_row][vc_row][vc_column][vc_empty_space height=\u00bb60px\u00bb][\/vc_column][\/vc_row][vc_row equal_height=\u00bbyes\u00bb content_placement=\u00bbtop\u00bb disable_element=\u00bbyes\u00bb canvas=\u00bb%5B%7B%22element%22%3A%22image%22%2C%22shape%22%3A%22shape-1%22%2C%22image_effect%22%3A%22style-1%22%2C%22smoothness%22%3A%2230%22%7D%5D\u00bb][vc_column]<div class=\"ult-content-box-container \" >\t\t<div class=\"ult-content-box\" style=\"background-color:#ffffff;box-shadow: -4px 3px 10px 5px rgba(216,216,216,0.41) ;border-style:solid;border-width:1px;border-radius:3px;border-color:#ededed;padding-top:25px;padding-right:25px;padding-bottom:25px;padding-left:25px;-webkit-transition: all 700ms ease;-moz-transition: all 700ms ease;-ms-transition: all 700ms ease;-o-transition: all 700ms ease;transition: all 700ms ease;\"  data-hover_box_shadow=\" -4px 3px 10px 5px rgba(216,216,216,0.41) \"     data-bg=\"#ffffff\"  data-border_color=\"#ededed\" >[vc_custom_heading text=\u00bbCorreos electr\u00f3nicos\u00bb font_container=\u00bbtag:h1|text_align:left\u00bb use_theme_fonts=\u00bbyes\u00bb][vc_row_inner][vc_column_inner width=\u00bb1\/4&#8243;][vc_column_text]<strong>Habeas data<\/strong><br \/>\ncorreo@dominio.com[\/vc_column_text][\/vc_column_inner][vc_column_inner width=\u00bb1\/4&#8243;][vc_column_text]<strong>PQRSD<\/strong><br \/>\ncorreo@dominio.com[\/vc_column_text][\/vc_column_inner][vc_column_inner width=\u00bb1\/4&#8243;][vc_column_text]<strong>Sedes f\u00edsicas<\/strong><br \/>\ncorreo@dominio.com[\/vc_column_text][\/vc_column_inner][vc_column_inner width=\u00bb1\/4&#8243;][vc_column_text]<strong>Notificaciones judiciales<\/strong><br \/>\ncorreo@dominio.com[\/vc_column_text][\/vc_column_inner][\/vc_row_inner]\t\t<\/div><\/div>[\/vc_column][\/vc_row][vc_row][vc_column][vc_empty_space height=\u00bb60px\u00bb][\/vc_column][\/vc_row]<\/p>\n<\/div>","protected":false},"excerpt":{"rendered":"<p>[vc_row full_width=\u00bbstretch_row_content_no_spaces\u00bb canvas=\u00bb%5B%7B%22element%22%3A%22image%22%2C%22shape%22%3A%22shape-1%22%2C%22image_effect%22%3A%22style-1%22%2C%22smoothness%22%3A%2230%22%7D%5D\u00bb bg_type=\u00bbimage\u00bb parallax_style=\u00bbvcpb-default\u00bb bg_image_new=\u00bbid^5974|url^https:\/\/www.movilidadmanizales.com.co\/contenidos\/wp-content\/uploads\/2025\/08\/aula-clases-1.png|caption^null|alt^null|title^aula-clases|description^null\u00bb bg_image_repeat=\u00bbno-repeat\u00bb css=\u00bb.vc_custom_1756419207628{margin-bottom: 0px !important;padding-top: 180px !important;padding-bottom: 180px !important;}\u00bb][vc_column][vc_row_inner][vc_column_inner][vc_custom_heading text=\u00bbCursos viales y horarios de atenci\u00f3n\u00bb font_container=\u00bbtag:h1|font_size:60px|text_align:center|color:%23ffffff|line_height:64px\u00bb use_theme_fonts=\u00bbyes\u00bb css=\u00bb\u00bb][\/vc_column_inner][\/vc_row_inner][\/vc_column][\/vc_row][vc_row canvas=\u00bb%5B%7B%22element%22%3A%22image%22%2C%22shape%22%3A%22shape-1%22%2C%22image_effect%22%3A%22style-1%22%2C%22smoothness%22%3A%2230%22%7D%5D\u00bb css=\u00bb.vc_custom_1697819386587{margin-top: 5% !important;}\u00bb][vc_column][vc_tta_tabs section_title_tag=\u00bbh2&#8243; style=\u00bbmodern\u00bb spacing=\u00bb4&#8243; active_section=\u00bb1&#8243;][vc_tta_section title=\u00bbSede centro\u00bb tab_id=\u00bb1697819112702-f3c8d29d-8a6e\u00bb][vc_row_inner][vc_column_inner width=\u00bb1\/4&#8243;][vc_icon icon_fontawesome=\u00bbfas fa-map-marker-alt\u00bb color=\u00bbcustom\u00bb background_style=\u00bbrounded-less\u00bb background_color=\u00bbcustom\u00bb size=\u00bbxs\u00bb css=\u00bb\u00bb custom_color=\u00bb#ffffff\u00bb custom_background_color=\u00bb#103553&#8243;][vc_column_text css=\u00bb.vc_custom_1756245137113{margin-bottom: 0px !important;}\u00bb] Direcci\u00f3n 22 Cra.<\/p>\n","protected":false},"author":1,"featured_media":0,"parent":0,"menu_order":0,"comment_status":"closed","ping_status":"closed","template":"","meta":{"footnotes":""},"class_list":["post-5964","page","type-page","status-publish","hentry"],"_links":{"self":[{"href":"https:\/\/www.movilidadmanizales.com.co\/contenidos\/wp-json\/wp\/v2\/pages\/5964","targetHints":{"allow":["GET"]}}],"collection":[{"href":"https:\/\/www.movilidadmanizales.com.co\/contenidos\/wp-json\/wp\/v2\/pages"}],"about":[{"href":"https:\/\/www.movilidadmanizales.com.co\/contenidos\/wp-json\/wp\/v2\/types\/page"}],"author":[{"embeddable":true,"href":"https:\/\/www.movilidadmanizales.com.co\/contenidos\/wp-json\/wp\/v2\/users\/1"}],"replies":[{"embeddable":true,"href":"https:\/\/www.movilidadmanizales.com.co\/contenidos\/wp-json\/wp\/v2\/comments?post=5964"}],"version-history":[{"count":8,"href":"https:\/\/www.movilidadmanizales.com.co\/contenidos\/wp-json\/wp\/v2\/pages\/5964\/revisions"}],"predecessor-version":[{"id":5978,"href":"https:\/\/www.movilidadmanizales.com.co\/contenidos\/wp-json\/wp\/v2\/pages\/5964\/revisions\/5978"}],"wp:attachment":[{"href":"https:\/\/www.movilidadmanizales.com.co\/contenidos\/wp-json\/wp\/v2\/media?parent=5964"}],"curies":[{"name":"wp","href":"https:\/\/api.w.org\/{rel}","templated":true}]}}