{"id":2392,"date":"2022-06-14T11:40:12","date_gmt":"2022-06-14T16:40:12","guid":{"rendered":"https:\/\/testmovilidad.envigado.gov.co\/contenidos\/?page_id=2392"},"modified":"2026-04-22T09:07:45","modified_gmt":"2026-04-22T14:07:45","slug":"que-es-movilidad-en-linea","status":"publish","type":"page","link":"https:\/\/www.movilidadmanizales.com.co\/contenidos\/que-es-movilidad-en-linea\/","title":{"rendered":"\u00bfQu\u00e9 es Secretar\u00eda de Movilidad Manizales?"},"content":{"rendered":"<div class=\"wpb-content-wrapper\"><p>[vc_row content_placement=\u00bbmiddle\u00bb css=\u00bb.vc_custom_1655236370512{margin-bottom: -35px !important;}\u00bb][vc_column width=\u00bb1\/2&#8243;][vc_single_image image=\u00bb2340&#8243; img_size=\u00bbfull\u00bb alignment=\u00bbcenter\u00bb][\/vc_column][vc_column width=\u00bb1\/2&#8243;][vc_column_text css=\u00bb.vc_custom_1696192396684{margin-top: 100px !important;}\u00bb]<\/p>\n<h1 style=\"text-align: left; font-size: 35px;\"><strong>Movilidad en L\u00ednea Manizales<\/strong><\/h1>\n<p style=\"text-align: left;\"><span data-sheets-value=\"{&quot;1&quot;:2,&quot;2&quot;:&quot;\u00a1Experimenta una forma m\u00e1s f\u00e1cil de acceder a los servicios de movilidad! Los ciudadanos podr\u00e1n interactuar con nuestra plataforma de una manera cercana, sencilla y simple cuando requieran realizar sus tr\u00e1mites. Buscamos contribuir con la calidad de vida de nuestros usuarios evitando desplazamientos innecesarios a nuestras sedes y tiempos prolongados de espera, brindando soluci\u00f3n a las diferentes necesidades desde cualquier lugar de forma virtual. &quot;}\" data-sheets-userformat=\"{&quot;2&quot;:897,&quot;3&quot;:{&quot;1&quot;:0},&quot;10&quot;:1,&quot;11&quot;:4,&quot;12&quot;:0}\">\u00a1Experimenta una forma m\u00e1s f\u00e1cil de acceder a los servicios de movilidad! <\/span><\/p>\n<p style=\"text-align: left;\"><span data-sheets-value=\"{&quot;1&quot;:2,&quot;2&quot;:&quot;\u00a1Experimenta una forma m\u00e1s f\u00e1cil de acceder a los servicios de movilidad! Los ciudadanos podr\u00e1n interactuar con nuestra plataforma de una manera cercana, sencilla y simple cuando requieran realizar sus tr\u00e1mites. Buscamos contribuir con la calidad de vida de nuestros usuarios evitando desplazamientos innecesarios a nuestras sedes y tiempos prolongados de espera, brindando soluci\u00f3n a las diferentes necesidades desde cualquier lugar de forma virtual. &quot;}\" data-sheets-userformat=\"{&quot;2&quot;:897,&quot;3&quot;:{&quot;1&quot;:0},&quot;10&quot;:1,&quot;11&quot;:4,&quot;12&quot;:0}\">Los ciudadanos podr\u00e1n interactuar con nuestra plataforma de una manera cercana, sencilla y simple cuando requieran realizar sus tr\u00e1mites. Buscamos contribuir con la calidad de vida de nuestros usuarios evitando desplazamientos innecesarios a nuestras sedes y tiempos prolongados de espera, brindando soluci\u00f3n a las diferentes necesidades desde cualquier lugar de forma virtual. <\/span><\/p>\n<p>[\/vc_column_text][\/vc_column][\/vc_row][vc_row gap=\u00bb5&#8243;][vc_column width=\u00bb2\/3&#8243; css=\u00bb.vc_custom_1655235896755{margin-top: 0px !important;}\u00bb]<div class=\"ult-content-box-container \" >\t\t<div class=\"ult-content-box\" style=\"background-color:#ffffff;box-shadow: -4px 3px 10px 5px rgba(216,216,216,0.41) ;border-style:solid;border-radius:5px;border-color:#ffffff;padding-top:0px;padding-right:20px;padding-bottom:10px;padding-left:20px;-webkit-transition: all 700ms ease;-moz-transition: all 700ms ease;-ms-transition: all 700ms ease;-o-transition: all 700ms ease;transition: all 700ms ease;\"  data-hover_bg_color=\"#ffffff\"  data-hover_box_shadow=\" -4px 3px 10px 5px rgba(216,216,216,0.41) \"  data-hover_border_color=\"#ff9d51\"     data-bg=\"#ffffff\"  data-border_color=\"#ffffff\" >[vc_row_inner equal_height=\u00bbyes\u00bb content_placement=\u00bbmiddle\u00bb gap=\u00bb1&#8243; css=\u00bb.vc_custom_1655235859495{padding-top: 20px !important;}\u00bb][vc_column_inner width=\u00bb1\/4&#8243;][vc_single_image image=\u00bb2394&#8243; img_size=\u00bbfull\u00bb alignment=\u00bbcenter\u00bb][\/vc_column_inner][vc_column_inner width=\u00bb3\/4&#8243;][vc_column_text]<\/p>\n<h1>Reto<\/h1>\n<p><span data-sheets-value=\"{&quot;1&quot;:2,&quot;2&quot;:&quot;\u00a1Facilitar la interacci\u00f3n de los ciudadanos con nuestra Secretar\u00eda de Movilidad! Queremos contribuir a una mejor calidad de vida de las personas&quot;}\" data-sheets-userformat=\"{&quot;2&quot;:769,&quot;3&quot;:{&quot;1&quot;:0},&quot;11&quot;:4,&quot;12&quot;:0}\">\u00a1Facilitar la interacci\u00f3n de los ciudadanos con nuestra Secretar\u00eda de Movilidad! Queremos contribuir a una mejor calidad de vida de las personas.<\/span>[\/vc_column_text][\/vc_column_inner][\/vc_row_inner][vc_row_inner equal_height=\u00bbyes\u00bb content_placement=\u00bbmiddle\u00bb gap=\u00bb1&#8243; css=\u00bb.vc_custom_1655235543326{margin-top: 0px !important;}\u00bb][vc_column_inner width=\u00bb1\/4&#8243;][vc_single_image image=\u00bb2395&#8243; img_size=\u00bbfull\u00bb alignment=\u00bbcenter\u00bb][\/vc_column_inner][vc_column_inner width=\u00bb3\/4&#8243;][vc_column_text]<\/p>\n<h1>La B\u00fasqueda<\/h1>\n<p class=\"ng-binding\"><span data-sheets-value=\"{&quot;1&quot;:2,&quot;2&quot;:&quot;Obtener todos los beneficios que brinda la tecnolog\u00eda, para continuar haciendo de la Secretar\u00eda de Movilidad una entidad al servicio de sus usuarios.&quot;}\" data-sheets-userformat=\"{&quot;2&quot;:769,&quot;3&quot;:{&quot;1&quot;:0},&quot;11&quot;:4,&quot;12&quot;:0}\">Obtener todos los beneficios que brinda la tecnolog\u00eda, para continuar haciendo de la Secretar\u00eda de Movilidad una entidad al servicio de sus usuarios.<\/span><\/p>\n<p>[\/vc_column_text][\/vc_column_inner][\/vc_row_inner][vc_row_inner equal_height=\u00bbyes\u00bb content_placement=\u00bbmiddle\u00bb gap=\u00bb1&#8243; css=\u00bb.vc_custom_1655235536619{margin-top: 0px !important;}\u00bb][vc_column_inner width=\u00bb1\/4&#8243;][vc_single_image image=\u00bb2396&#8243; img_size=\u00bbfull\u00bb alignment=\u00bbcenter\u00bb][\/vc_column_inner][vc_column_inner width=\u00bb3\/4&#8243;][vc_column_text]<\/p>\n<h1>La Soluci\u00f3n<\/h1>\n<p><span data-sheets-value=\"{&quot;1&quot;:2,&quot;2&quot;:&quot;Brindamos las mejores alternativas para mejorar la experiencia de los usuarios al momento de requerir nuestros servicios desde cualquier lugar.&quot;}\" data-sheets-userformat=\"{&quot;2&quot;:769,&quot;3&quot;:{&quot;1&quot;:0},&quot;11&quot;:4,&quot;12&quot;:0}\">Brindamos las mejores alternativas para mejorar la experiencia de los usuarios al momento de requerir nuestros servicios desde cualquier lugar.<\/span>[\/vc_column_text][\/vc_column_inner][\/vc_row_inner]\t\t<\/div><\/div>[\/vc_column][vc_column width=\u00bb1\/3&#8243;]<div class=\"ult-content-box-container \" >\t\t<div class=\"ult-content-box\" style=\"background-color:#ffffff;box-shadow: -4px 3px 10px 5px rgba(216,216,216,0.41) none;border-style:solid;border-width:1px;border-radius:3px;border-color:#dddddd;padding-top:52px;padding-right:20px;padding-bottom:52px;padding-left:20px;-webkit-transition: all 700ms ease;-moz-transition: all 700ms ease;-ms-transition: all 700ms ease;-o-transition: all 700ms ease;transition: all 700ms ease;\"  data-hover_box_shadow=\"none\"  data-hover_border_color=\"#dddddd\"     data-bg=\"#ffffff\"  data-border_color=\"#dddddd\" >[vc_single_image image=\u00bb2405&#8243; img_size=\u00bbfull\u00bb alignment=\u00bbcenter\u00bb css=\u00bb.vc_custom_1686771069621{margin-top: 40px !important;padding-bottom: 20px !important;}\u00bb][vc_column_text css=\u00bb.vc_custom_1686771085156{padding-bottom: 40px !important;}\u00bb]<\/p>\n<h4 class=\"ng-binding\" style=\"text-align: center;\">Ahora contamos con un nuevo canal<\/h4>\n<p class=\"ng-binding\" style=\"text-align: center;\">Seguimos disponibles para ti en nuestras sedes y ahora contamos con un portal que te permite acceder a servicios de una forma m\u00e1s f\u00e1cil y sencilla.<\/p>\n<p>[\/vc_column_text]\t\t<\/div><\/div>[\/vc_column][\/vc_row][vc_row css=\u00bb.vc_custom_1655238739600{margin-top: 60px !important;margin-bottom: 0px !important;}\u00bb][vc_column][vc_empty_space][vc_column_text css=\u00bb.vc_custom_1692103576620{margin-bottom: 0px !important;}\u00bb]<\/p>\n<h1 style=\"text-align: center;\">Beneficios<\/h1>\n<p>[\/vc_column_text][\/vc_column][\/vc_row][vc_section css=\u00bb.vc_custom_1685388535862{margin-top: 20% !important;margin-bottom: 10% !important;}\u00bb][vc_row equal_height=\u00bbyes\u00bb canvas=\u00bb%5B%7B%22element%22%3A%22image%22%2C%22shape%22%3A%22shape-1%22%2C%22image_effect%22%3A%22style-1%22%2C%22smoothness%22%3A%2230%22%7D%5D\u00bb css=\u00bb.vc_custom_1776866537138{margin-bottom: 15% !important;}\u00bb][vc_column width=\u00bb1\/3&#8243;]<div class=\"deeper-content-box clearfix ctb-991767521 hover-effect-1 accent-purple active disable-on-mobile wow fadeInUp\" style=\"\" data-config='{\"padding\":\"40px 45px 50px\",\"mobiPadding\":\"40px 45px 50px\",\"margin\":\"-170px 0 0\",\"mobiMargin\":\"-70px 0 0\",\"bg\":\"#ffffff\",\"round\":\"5px\",\"border\":\"1px solid #e7e7e7\",\"shadow\":\"10px\",\"borderStyleHover\":\"solid\"}' data-wow-duration=\"0.75s\" data-wow-delay=\"0.6s\">\r\n\t\t\t\t\t<div class=\"inner \" style=\"overflow:hidden;\">\r\n\t\t\t\t\t\t<div class=\"deeper-icon icon-top align-center icon-font icon-352707539\" data-config='{\"color\":\"#205072\",\"fontSize\":\"24px\"}'>\n\t\t\t\t\t\t\t<span class=\"icon-wrap\"><i class=\"far fa-clock\"><\/i><\/span>\n\t\t\t\t\t\t<\/div><div class=\"deeper-text align-center \" style=\"\" ><span>Optimizamos tiempos de espera y evitamos desplazamientos.<\/span>\n<\/div>\r\n\t\t\t\t\t<\/div>\r\n\t\t\t\t\t\r\n\t\t\t\t<\/div><div class=\"deeper-spacer clearfix\" data-config='{\"desktop\":30,\"mobile\":30,\"smobile\":30}'><\/div>[\/vc_column][vc_column width=\u00bb1\/3&#8243;]<div class=\"deeper-content-box clearfix ctb-723765251 hover-effect-1 accent-purple active disable-on-mobile wow fadeInUp\" style=\"\" data-config='{\"padding\":\"40px 45px 50px\",\"mobiPadding\":\"40px 45px 60px\",\"margin\":\"-170px 0 0\",\"mobiMargin\":\"0\",\"bg\":\"#ffffff\",\"round\":\"5px\",\"border\":\"1px solid #e7e7e7\",\"borderStyleHover\":\"solid\"}' data-wow-duration=\"0.75s\" data-wow-delay=\"0.3s\">\r\n\t\t\t\t\t<div class=\"inner \" style=\"overflow:hidden;\">\r\n\t\t\t\t\t\t<div class=\"deeper-icon icon-top align-center icon-font icon-396299368\" data-config='{\"color\":\"#205072\",\"fontSize\":\"24px\"}'>\n\t\t\t\t\t\t\t<span class=\"icon-wrap\"><i class=\"far fa-copy\"><\/i><\/span>\n\t\t\t\t\t\t<\/div><div class=\"deeper-text align-center \" style=\"\" ><span>Apoyamos a la ciudadan\u00eda a mantener sus documentos al d\u00eda y eviten sanciones.<\/span>\n<\/div>\r\n\t\t\t\t\t<\/div>\r\n\t\t\t\t\t\r\n\t\t\t\t<\/div><div class=\"deeper-spacer clearfix\" data-config='{\"desktop\":30,\"mobile\":30,\"smobile\":30}'><\/div>[\/vc_column][vc_column width=\u00bb1\/3&#8243;]<div class=\"deeper-content-box clearfix ctb-2087848869 hover-effect-1 accent-purple active disable-on-mobile wow fadeInUp\" style=\"\" data-config='{\"padding\":\"40px 45px 50px\",\"mobiPadding\":\"40px 45px 50px\",\"margin\":\"-170px 0 0\",\"mobiMargin\":\"0\",\"bg\":\"#ffffff\",\"round\":\"5px\",\"border\":\"1px solid #e7e7e7\",\"borderStyleHover\":\"solid\"}' data-wow-duration=\"0.75s\" data-wow-delay=\"0.6s\">\r\n\t\t\t\t\t<div class=\"inner \" style=\"overflow:hidden;\">\r\n\t\t\t\t\t\t<div class=\"deeper-icon icon-top align-center icon-font icon-1577088092\" data-config='{\"color\":\"#205072\",\"fontSize\":\"24px\"}'>\n\t\t\t\t\t\t\t<span class=\"icon-wrap\"><i class=\"fas fa-street-view\"><\/i><\/span>\n\t\t\t\t\t\t<\/div><div class=\"deeper-text align-center \" style=\"\" ><span>Orientamos a la ciudadan\u00eda con el acceso a los servicios de movilidad de una manera f\u00e1cil y r\u00e1pida.<\/span>\n<\/div>\r\n\t\t\t\t\t<\/div>\r\n\t\t\t\t\t\r\n\t\t\t\t<\/div><div class=\"deeper-spacer clearfix\" data-config='{\"desktop\":30,\"mobile\":30,\"smobile\":30}'><\/div>[\/vc_column][\/vc_row][vc_row canvas=\u00bb%5B%7B%22element%22%3A%22image%22%2C%22shape%22%3A%22shape-1%22%2C%22image_effect%22%3A%22style-1%22%2C%22smoothness%22%3A%2230%22%7D%5D\u00bb][vc_column width=\u00bb1\/3&#8243;]<div class=\"deeper-content-box clearfix ctb-385171854 hover-effect-1 accent-purple active disable-on-mobile wow fadeInUp\" style=\"\" data-config='{\"padding\":\"40px 45px 60px\",\"mobiPadding\":\"40px 45px 50px\",\"margin\":\"-170px 0 0\",\"mobiMargin\":\"-70px 0 0\",\"bg\":\"#ffffff\",\"round\":\"5px\",\"border\":\"1px solid #e7e7e7\",\"shadow\":\"10px\",\"borderStyleHover\":\"solid\"}' data-wow-duration=\"0.75s\" data-wow-delay=\"0.6s\">\r\n\t\t\t\t\t<div class=\"inner \" style=\"overflow:hidden;\">\r\n\t\t\t\t\t\t<div class=\"deeper-icon icon-top align-center icon-font icon-1467341245\" data-config='{\"color\":\"#205072\",\"fontSize\":\"24px\"}'>\n\t\t\t\t\t\t\t<span class=\"icon-wrap\"><i class=\"far fa-check-square\"><\/i><\/span>\n\t\t\t\t\t\t<\/div><div class=\"deeper-text align-center \" style=\"\" ><span>Aseguramos la realizaci\u00f3n completa de los tr\u00e1mites.<\/span>\n<\/div>\r\n\t\t\t\t\t<\/div>\r\n\t\t\t\t\t\r\n\t\t\t\t<\/div><div class=\"deeper-spacer clearfix\" data-config='{\"mobile\":30,\"smobile\":30}'><\/div>[\/vc_column][vc_column width=\u00bb1\/3&#8243;]<div class=\"deeper-content-box clearfix ctb-1163041845 hover-effect-1 accent-purple active disable-on-mobile wow fadeInUp\" style=\"\" data-config='{\"padding\":\"40px 45px 40px\",\"mobiPadding\":\"40px 45px 50px\",\"margin\":\"-170px 0 0\",\"mobiMargin\":\"0\",\"bg\":\"#ffffff\",\"round\":\"5px\",\"border\":\"1px solid #e7e7e7\",\"borderStyleHover\":\"solid\"}' data-wow-duration=\"0.75s\" data-wow-delay=\"0.3s\">\r\n\t\t\t\t\t<div class=\"inner \" style=\"overflow:hidden;\">\r\n\t\t\t\t\t\t<div class=\"deeper-icon icon-top align-center icon-font icon-1829330894\" data-config='{\"color\":\"#205072\",\"fontSize\":\"24px\"}'>\n\t\t\t\t\t\t\t<span class=\"icon-wrap\"><i class=\"far fa-building\"><\/i><\/span>\n\t\t\t\t\t\t<\/div><div class=\"deeper-text align-center \" style=\"\" ><span>Optimizamos la interacci\u00f3n con la Administraci\u00f3n P\u00fablica.<\/span>\n<\/div>\r\n\t\t\t\t\t<\/div>\r\n\t\t\t\t\t\r\n\t\t\t\t<\/div><div class=\"deeper-spacer clearfix\" data-config='{\"mobile\":30,\"smobile\":30}'><\/div>[\/vc_column][vc_column width=\u00bb1\/3&#8243;]<div class=\"deeper-content-box clearfix ctb-969235025 hover-effect-1 accent-purple active disable-on-mobile wow fadeInUp\" style=\"\" data-config='{\"padding\":\"40px 45px 55px\",\"mobiPadding\":\"40px 45px 50px\",\"margin\":\"-170px 0 0\",\"mobiMargin\":\"0\",\"bg\":\"#ffffff\",\"round\":\"5px\",\"border\":\"1px solid #e7e7e7\",\"borderStyleHover\":\"solid\"}' data-wow-duration=\"0.75s\" data-wow-delay=\"0.6s\">\r\n\t\t\t\t\t<div class=\"inner \" style=\"overflow:hidden;\">\r\n\t\t\t\t\t\t<div class=\"deeper-icon icon-top align-center icon-font icon-1703241701\" data-config='{\"color\":\"#205072\",\"fontSize\":\"24px\"}'>\n\t\t\t\t\t\t\t<span class=\"icon-wrap\"><i class=\"far fa-comments\"><\/i><\/span>\n\t\t\t\t\t\t<\/div><div class=\"deeper-text align-center \" style=\"\" ><span>Brindamos asesor\u00eda virtual y acompa\u00f1amiento durante la navegaci\u00f3n por el portal.<\/span>\n<\/div>\r\n\t\t\t\t\t<\/div>\r\n\t\t\t\t\t\r\n\t\t\t\t<\/div><div class=\"deeper-spacer clearfix\" data-config='{\"mobile\":30,\"smobile\":30}'><\/div>[\/vc_column][\/vc_row][\/vc_section][vc_row disable_element=\u00bbyes\u00bb canvas=\u00bb%5B%7B%22element%22%3A%22image%22%2C%22shape%22%3A%22shape-1%22%2C%22image_effect%22%3A%22style-1%22%2C%22smoothness%22%3A%2230%22%7D%5D\u00bb][vc_column width=\u00bb1\/3&#8243;]<div class=\"ult-content-box-container \" >\t\t<div class=\"ult-content-box\" style=\"background-color:#ffffff;box-shadow: -4px 3px 10px 5px rgba(216,216,216,0.41) ;border-style:solid;border-width:1px;border-radius:3px;border-color:#ededed;padding-top:20px;padding-right:10px;padding-bottom:20px;padding-left:10px;-webkit-transition: all 700ms ease;-moz-transition: all 700ms ease;-ms-transition: all 700ms ease;-o-transition: all 700ms ease;transition: all 700ms ease;\"  data-hover_box_shadow=\" -4px 3px 10px 5px rgba(216,216,216,0.41) \"  data-hover_border_color=\"#5bb1b0\"     data-bg=\"#ffffff\"  data-border_color=\"#ededed\" >[vc_icon icon_fontawesome=\u00bbfas fa-clock\u00bb color=\u00bbcustom\u00bb align=\u00bbcenter\u00bb css=\u00bb.vc_custom_1686770428211{margin-bottom: 0px !important;}\u00bb custom_color=\u00bb#5bb1b0&#8243;][vc_column_text]<\/p>\n<p style=\"text-align: center;\"><span data-sheets-value=\"{&quot;1&quot;:2,&quot;2&quot;:&quot;Optimizamos nuestros procesos para evitar desplazamientos y disminuir los tiempos de espera en nuestras sedes.&quot;}\" data-sheets-userformat=\"{&quot;2&quot;:769,&quot;3&quot;:{&quot;1&quot;:0},&quot;11&quot;:4,&quot;12&quot;:0}\">Optimizamos nuestros procesos para evitar desplazamientos y disminuir los tiempos de espera en nuestras sedes.<\/span><\/p>\n<p>[\/vc_column_text]\t\t<\/div><\/div>[vc_empty_space height=\u00bb15px\u00bb][\/vc_column][vc_column width=\u00bb1\/3&#8243;]<div class=\"ult-content-box-container \" >\t\t<div class=\"ult-content-box\" style=\"background-color:#ffffff;box-shadow: -4px 3px 10px 5px rgba(216,216,216,0.41) ;border-style:solid;border-width:1px;border-radius:3px;border-color:#ededed;padding-top:20px;padding-right:10px;padding-bottom:20px;padding-left:10px;-webkit-transition: all 700ms ease;-moz-transition: all 700ms ease;-ms-transition: all 700ms ease;-o-transition: all 700ms ease;transition: all 700ms ease;\"  data-hover_box_shadow=\" -4px 3px 10px 5px rgba(216,216,216,0.41) \"  data-hover_border_color=\"#5bb1b0\"     data-bg=\"#ffffff\"  data-border_color=\"#ededed\" >[vc_icon icon_fontawesome=\u00bbfas fa-copy\u00bb color=\u00bbcustom\u00bb align=\u00bbcenter\u00bb css=\u00bb.vc_custom_1686770496241{margin-bottom: 0px !important;}\u00bb custom_color=\u00bb#5bb1b0&#8243;][vc_column_text]<\/p>\n<p style=\"text-align: center;\">Creemos en la pedagog\u00eda, por eso informamos al usuario sobre la importancia de mantener sus documentos al d\u00eda y evitar sanciones.<\/p>\n<p>[\/vc_column_text]\t\t<\/div><\/div>[vc_empty_space height=\u00bb15px\u00bb][\/vc_column][vc_column width=\u00bb1\/3&#8243;]<div class=\"ult-content-box-container \" >\t\t<div class=\"ult-content-box\" style=\"background-color:#ffffff;box-shadow: -4px 3px 10px 5px rgba(216,216,216,0.41) ;border-style:solid;border-width:1px;border-radius:3px;border-color:#ededed;padding-top:20px;padding-right:10px;padding-bottom:20px;padding-left:10px;-webkit-transition: all 700ms ease;-moz-transition: all 700ms ease;-ms-transition: all 700ms ease;-o-transition: all 700ms ease;transition: all 700ms ease;\"  data-hover_box_shadow=\" -4px 3px 10px 5px rgba(216,216,216,0.41) \"  data-hover_border_color=\"#5bb1b0\"     data-bg=\"#ffffff\"  data-border_color=\"#ededed\" >[vc_icon icon_fontawesome=\u00bbfas fa-map-signs\u00bb color=\u00bbcustom\u00bb align=\u00bbcenter\u00bb css=\u00bb.vc_custom_1686770585634{margin-bottom: 0px !important;}\u00bb custom_color=\u00bb#5bb1b0&#8243;][vc_column_text]<\/p>\n<p style=\"text-align: center;\">Orientamos a la ciudadan\u00eda con el acceso a los servicios de movilidad de una manera f\u00e1cil y r\u00e1pida.<\/p>\n<p>[\/vc_column_text]\t\t<\/div><\/div>[vc_empty_space height=\u00bb15px\u00bb][\/vc_column][\/vc_row][vc_row disable_element=\u00bbyes\u00bb canvas=\u00bb%5B%7B%22element%22%3A%22image%22%2C%22shape%22%3A%22shape-1%22%2C%22image_effect%22%3A%22style-1%22%2C%22smoothness%22%3A%2230%22%7D%5D\u00bb][vc_column width=\u00bb1\/3&#8243;]<div class=\"ult-content-box-container \" >\t\t<div class=\"ult-content-box\" style=\"background-color:#ffffff;box-shadow: -4px 3px 10px 5px rgba(216,216,216,0.41) ;border-style:solid;border-width:1px;border-radius:3px;border-color:#ededed;padding-top:20px;padding-right:10px;padding-bottom:20px;padding-left:10px;-webkit-transition: all 700ms ease;-moz-transition: all 700ms ease;-ms-transition: all 700ms ease;-o-transition: all 700ms ease;transition: all 700ms ease;\"  data-hover_box_shadow=\" -4px 3px 10px 5px rgba(216,216,216,0.41) \"  data-hover_border_color=\"#5bb1b0\"     data-bg=\"#ffffff\"  data-border_color=\"#ededed\" >[vc_icon icon_fontawesome=\u00bbfas fa-bell\u00bb color=\u00bbcustom\u00bb align=\u00bbcenter\u00bb css=\u00bb.vc_custom_1686770799008{margin-bottom: 0px !important;}\u00bb custom_color=\u00bb#5bb1b0&#8243;][vc_column_text]<\/p>\n<p style=\"text-align: center;\"><span data-sheets-value=\"{&quot;1&quot;:2,&quot;2&quot;:&quot;Procuramos mantener a nuestros usuarios bien informados sobre los tr\u00e1mites de movilidad.&quot;}\" data-sheets-userformat=\"{&quot;2&quot;:769,&quot;3&quot;:{&quot;1&quot;:0},&quot;11&quot;:4,&quot;12&quot;:0}\">Procuramos mantener a nuestros usuarios bien informados sobre los tr\u00e1mites de movilidad.<\/span><\/p>\n<p>[\/vc_column_text]\t\t<\/div><\/div>[vc_empty_space height=\u00bb15px\u00bb][\/vc_column][vc_column width=\u00bb1\/3&#8243;]<div class=\"ult-content-box-container \" >\t\t<div class=\"ult-content-box\" style=\"background-color:#ffffff;box-shadow: -4px 3px 10px 5px rgba(216,216,216,0.41) ;border-style:solid;border-width:1px;border-radius:3px;border-color:#ededed;padding-top:20px;padding-right:10px;padding-bottom:20px;padding-left:10px;-webkit-transition: all 700ms ease;-moz-transition: all 700ms ease;-ms-transition: all 700ms ease;-o-transition: all 700ms ease;transition: all 700ms ease;\"  data-hover_box_shadow=\" -4px 3px 10px 5px rgba(216,216,216,0.41) \"  data-hover_border_color=\"#5bb1b0\"     data-bg=\"#ffffff\"  data-border_color=\"#ededed\" >[vc_icon icon_fontawesome=\u00bbfas fa-user-alt\u00bb color=\u00bbcustom\u00bb align=\u00bbcenter\u00bb css=\u00bb.vc_custom_1686770876674{margin-bottom: 0px !important;}\u00bb custom_color=\u00bb#5bb1b0&#8243;][vc_column_text]<\/p>\n<p style=\"text-align: center;\"><span data-sheets-value=\"{&quot;1&quot;:2,&quot;2&quot;:&quot;Buscamos acercar al ciudadano con la administraci\u00f3n p\u00fablica.&quot;}\" data-sheets-userformat=\"{&quot;2&quot;:769,&quot;3&quot;:{&quot;1&quot;:0},&quot;11&quot;:4,&quot;12&quot;:0}\">Buscamos acercar al ciudadano con la administraci\u00f3n p\u00fablica.<\/span><\/p>\n<p>[\/vc_column_text]\t\t<\/div><\/div>[vc_empty_space height=\u00bb15px\u00bb][\/vc_column][vc_column width=\u00bb1\/3&#8243;]<div class=\"ult-content-box-container \" >\t\t<div class=\"ult-content-box\" style=\"background-color:#ffffff;box-shadow: -4px 3px 10px 5px rgba(216,216,216,0.41) ;border-style:solid;border-width:1px;border-radius:3px;border-color:#ededed;padding-top:20px;padding-right:10px;padding-bottom:20px;padding-left:10px;-webkit-transition: all 700ms ease;-moz-transition: all 700ms ease;-ms-transition: all 700ms ease;-o-transition: all 700ms ease;transition: all 700ms ease;\"  data-hover_box_shadow=\" -4px 3px 10px 5px rgba(216,216,216,0.41) \"  data-hover_border_color=\"#5bb1b0\"     data-bg=\"#ffffff\"  data-border_color=\"#ededed\" >[vc_icon icon_fontawesome=\u00bbfas fa-laptop\u00bb color=\u00bbcustom\u00bb align=\u00bbcenter\u00bb css=\u00bb.vc_custom_1686770825041{margin-bottom: 0px !important;}\u00bb custom_color=\u00bb#5bb1b0&#8243;][vc_column_text]<\/p>\n<p style=\"text-align: center;\"><span data-sheets-value=\"{&quot;1&quot;:2,&quot;2&quot;:&quot;Ponemos a disposici\u00f3n de los ciudanos un portal amigable, f\u00e1cil, intuitivo y seguro de usar.&quot;}\" data-sheets-userformat=\"{&quot;2&quot;:769,&quot;3&quot;:{&quot;1&quot;:0},&quot;11&quot;:4,&quot;12&quot;:0}\">Ponemos a disposici\u00f3n de los ciudadanos un portal amigable, f\u00e1cil, intuitivo y seguro de usar.<\/span><\/p>\n<p>[\/vc_column_text]\t\t<\/div><\/div>[vc_empty_space height=\u00bb15px\u00bb][\/vc_column][\/vc_row][vc_row][vc_column][vc_empty_space][\/vc_column][\/vc_row]<\/p>\n<\/div>","protected":false},"excerpt":{"rendered":"<p>[vc_row content_placement=\u00bbmiddle\u00bb css=\u00bb.vc_custom_1655236370512{margin-bottom: -35px !important;}\u00bb][vc_column width=\u00bb1\/2&#8243;][vc_single_image image=\u00bb2340&#8243; img_size=\u00bbfull\u00bb alignment=\u00bbcenter\u00bb][\/vc_column][vc_column width=\u00bb1\/2&#8243;][vc_column_text css=\u00bb.vc_custom_1696192396684{margin-top: 100px !important;}\u00bb] Movilidad en L\u00ednea Manizales \u00a1Experimenta una forma m\u00e1s f\u00e1cil de acceder a los servicios de movilidad! Los ciudadanos podr\u00e1n interactuar con nuestra plataforma de una manera cercana, sencilla y simple cuando requieran realizar sus tr\u00e1mites. Buscamos contribuir<\/p>\n","protected":false},"author":1,"featured_media":0,"parent":0,"menu_order":0,"comment_status":"closed","ping_status":"closed","template":"","meta":{"footnotes":""},"class_list":["post-2392","page","type-page","status-publish","hentry"],"_links":{"self":[{"href":"https:\/\/www.movilidadmanizales.com.co\/contenidos\/wp-json\/wp\/v2\/pages\/2392","targetHints":{"allow":["GET"]}}],"collection":[{"href":"https:\/\/www.movilidadmanizales.com.co\/contenidos\/wp-json\/wp\/v2\/pages"}],"about":[{"href":"https:\/\/www.movilidadmanizales.com.co\/contenidos\/wp-json\/wp\/v2\/types\/page"}],"author":[{"embeddable":true,"href":"https:\/\/www.movilidadmanizales.com.co\/contenidos\/wp-json\/wp\/v2\/users\/1"}],"replies":[{"embeddable":true,"href":"https:\/\/www.movilidadmanizales.com.co\/contenidos\/wp-json\/wp\/v2\/comments?post=2392"}],"version-history":[{"count":32,"href":"https:\/\/www.movilidadmanizales.com.co\/contenidos\/wp-json\/wp\/v2\/pages\/2392\/revisions"}],"predecessor-version":[{"id":6196,"href":"https:\/\/www.movilidadmanizales.com.co\/contenidos\/wp-json\/wp\/v2\/pages\/2392\/revisions\/6196"}],"wp:attachment":[{"href":"https:\/\/www.movilidadmanizales.com.co\/contenidos\/wp-json\/wp\/v2\/media?parent=2392"}],"curies":[{"name":"wp","href":"https:\/\/api.w.org\/{rel}","templated":true}]}}