{"id":193,"date":"2023-06-09T13:53:42","date_gmt":"2023-06-09T13:53:42","guid":{"rendered":"https:\/\/www.movilidadmanizales.com.co\/contenidos\/?page_id=193"},"modified":"2023-10-01T14:00:27","modified_gmt":"2023-10-01T19:00:27","slug":"preguntas-frecuentes","status":"publish","type":"page","link":"https:\/\/www.movilidadmanizales.com.co\/contenidos\/preguntas-frecuentes\/","title":{"rendered":"Preguntas frecuentes"},"content":{"rendered":"<div class=\"wpb-content-wrapper\"><p>[vc_row bg_type=\u00bbbg_color\u00bb bg_override=\u00bbfull\u00bb css=\u00bb.vc_custom_1519230229731{margin-top: 0px !important;margin-bottom: 0px !important;padding-top: 0px !important;padding-bottom: 20px !important;}\u00bb][vc_column][vc_custom_heading text=\u00bbPreguntas frecuentes\u00bb font_container=\u00bbtag:h1|text_align:left\u00bb use_theme_fonts=\u00bbyes\u00bb][\/vc_column][\/vc_row][vc_row css=\u00bb.vc_custom_1519229550975{margin-top: 0px !important;margin-bottom: 0px !important;padding-top: 0px !important;padding-bottom: 80px !important;}\u00bb][vc_column][vc_tta_tour section_title_tag=\u00bbh3&#8243; color=\u00bbwhite\u00bb active_section=\u00bb1&#8243; no_fill_content_area=\u00bbtrue\u00bb][vc_tta_section title=\u00bbServicios Digitales\u00bb tab_id=\u00bb1645720968692-ad30d29e-b3c2&#8243;][vc_column_text css=\u00bb.vc_custom_1686318915579{margin-top: 0px !important;padding-top: -90px !important;}\u00bb]\n            <div \n                class=\"elfsight-widget-faq elfsight-widget\" \n                data-elfsight-faq-options=\"%7B%22displayCategoriesNames%22%3Afalse%2C%22categories%22%3A%5B%7B%22name%22%3A%22Servicios%20digitales%22%2C%22icon%22%3A%22%22%2C%22items%22%3A%5B%7B%22question%22%3A%22%5Cu00bfC%5Cu00f3mo%20puedo%20pagar%20una%20multa%20o%20un%20comparendo%20a%20trav%5Cu00e9s%20de%20la%20plataforma%3F%22%2C%22answer%22%3A%22Ingresa%20a%20la%20plataforma%20y%20ubica%20el%20buscador%20principal%20identificado%20por%20una%20lupa.%20Una%20vez%20all%5Cu00ed%2C%20debes%20ingresar%20tu%20n%5Cu00famero%20de%20identificaci%5Cu00f3n%20o%20la%20placa%20del%20veh%5Cu00edculo%20para%20que%20puedas%20visualizar%20si%20se%20te%20han%20impuesto%20%5Cu00f3rdenes%20de%20comparendo%20y%5C%2Fo%20multas.%22%7D%2C%7B%22question%22%3A%22%5Cu00bfC%5Cu00f3mo%20puedo%20consultar%20una%20multa%3F%22%2C%22answer%22%3A%22Puedes%20consultar%20todos%20los%20detalles%20de%20tus%20multas%20y%20comparendos%20en%20la%20p%5Cu00e1gina%20principal%20de%20Movilidad%20en%20L%5Cu00ednea%20Manizales%2C%20a%20trav%5Cu00e9s%20de%20la%20barra%20de%20b%5Cu00fasqueda.%22%7D%2C%7B%22question%22%3A%22%5Cu00bfPuedo%20pagar%20multas%20o%20comparendos%20de%20tr%5Cu00e1nsito%20de%20otras%20secretar%5Cu00edas%3F%22%2C%22answer%22%3A%22El%20recaudo%20de%20las%20infracciones%20de%20tr%5Cu00e1nsito%20es%20municipal%2C%20por%20esto%2C%20deben%20ser%20pagadas%20ante%20el%20organismo%20donde%20se%20encuentra%20registrada%20la%20infracci%5Cu00f3n.%26nbsp%3BNuestro%20portal%20s%5Cu00f3lo%20permite%20realizar%20pagos%20de%20multas%20y%20comparendos%20generados%20en%20la%20ciudad%20de%20Manizales.%20Para%20infracciones%20de%20otra%20jurisdicci%5Cu00f3n%2C%20puedes%20pagar%20en%20la%20p%5Cu00e1gina%20web%20del%20Simit.%22%7D%2C%7B%22question%22%3A%22%5Cu00bfCu%5Cu00e1l%20es%20la%20pasarela%20de%20pagos%20con%20la%20que%20cuenta%20la%20plataforma%20y%20es%20segura%3F%22%2C%22answer%22%3A%22Nuestro%20portal%20cuenta%20con%20PSE%2C%20pasarela%20que%20garantiza%20un%20servicio%20seguro%2C%20f%5Cu00e1cil%20y%20%5Cu00e1gil%20para%20el%20ciudadano.%22%7D%2C%7B%22question%22%3A%22%5Cu00bfEn%20qu%5Cu00e9%20horarios%20funciona%20la%20plataforma%3F%22%2C%22answer%22%3A%22Contamos%20con%20un%20gran%20equipo%20de%20expertos%20que%20aseguran%20un%20funcionamiento%20correcto%20de%20la%20plataforma%20en%20un%20esquema%2024%5C%2F7%2C%20las%2024%20horas%20del%20d%5Cu00eda%2C%20los%20siete%20d%5Cu00edas%20de%20la%20semana.%22%7D%5D%7D%5D%2C%22widgetTitle%22%3A%22%22%2C%22layout%22%3A%22accordion%22%2C%22accordionIcon%22%3A%22plus%22%2C%22openFirstQuestionByDefault%22%3Afalse%2C%22multipleActiveQuestions%22%3Afalse%2C%22showSearchBar%22%3Afalse%2C%22template%22%3A%22bg-shadow%22%2C%22itemBackgroundColor%22%3A%22rgb%28250%2C%20250%2C%20250%29%22%2C%22questionTextColor%22%3A%22%22%2C%22answerTextColor%22%3A%22rgb%28100%2C%20100%2C%20100%29%22%2C%22categoryTextColor%22%3A%22%22%2C%22widgetId%22%3A%222%22%7D\" \n                data-elfsight-faq-version=\"1.4.1\"\n                data-elfsight-widget-id=\"elfsight-faq-2\">\n            <\/div>\n            [\/vc_column_text][\/vc_tta_section][vc_tta_section title=\u00bbAcuerdos de pago\u00bb tab_id=\u00bb1645720968715-7bc835d1-a440&#8243;][vc_column_text]\n            <div \n                class=\"elfsight-widget-faq elfsight-widget\" \n                data-elfsight-faq-options=\"%7B%22displayCategoriesNames%22%3Afalse%2C%22categories%22%3A%5B%7B%22name%22%3A%22Acuerdo%20de%20pago%22%2C%22icon%22%3A%22%22%2C%22items%22%3A%5B%7B%22question%22%3A%22%5Cu00bfQu%5Cu00e9%20pasa%20cuando%20se%20incumple%20un%20Acuerdo%20de%20Pago%3F%22%2C%22answer%22%3A%22Un%20acuerdo%20de%20pago%20se%20incumple%2C%20cuando%20pasados%20120%20d%5Cu00edas%20%28dos%20cuotas%29%2C%20no%20se%20ha%20registrado%20el%20pago.%20Cuando%20no%20se%20surte%20el%20pago%20de%20dichas%20obligaciones%2C%20se%20procede%20a%20declarar%20el%20incumplimiento.%26nbsp%3B%26nbsp%3BPor%20lo%20anterior%2C%20se%20recomienda%20que%20acuda%20a%20la%20oficina%20de%20cobro%20coactivo%20de%20la%20Secretaria%20de%20Movilidad%20para%20estudiar%20el%20caso%20en%20concreto.%22%7D%5D%7D%5D%2C%22widgetTitle%22%3A%22%22%2C%22layout%22%3A%22accordion%22%2C%22accordionIcon%22%3A%22plus%22%2C%22openFirstQuestionByDefault%22%3Afalse%2C%22multipleActiveQuestions%22%3Afalse%2C%22showSearchBar%22%3Afalse%2C%22template%22%3A%22bg-shadow%22%2C%22itemBackgroundColor%22%3A%22rgb%28250%2C%20250%2C%20250%29%22%2C%22questionTextColor%22%3A%22%22%2C%22answerTextColor%22%3A%22rgb%28100%2C%20100%2C%20100%29%22%2C%22categoryTextColor%22%3A%22%22%2C%22widgetId%22%3A%223%22%7D\" \n                data-elfsight-faq-version=\"1.4.1\"\n                data-elfsight-widget-id=\"elfsight-faq-3\">\n            <\/div>\n            [\/vc_column_text][\/vc_tta_section][vc_tta_section title=\u00bbP\u00e9rdida y copia de Documentos\u00bb tab_id=\u00bb1645741321075-fdcd7fcc-7f8f\u00bb][vc_column_text]\n            <div \n                class=\"elfsight-widget-faq elfsight-widget\" \n                data-elfsight-faq-options=\"%7B%22displayCategoriesNames%22%3Afalse%2C%22categories%22%3A%5B%7B%22name%22%3A%22P%5Cu00e9rdida%20y%20copia%20de%20documentos%22%2C%22icon%22%3A%22%22%2C%22items%22%3A%5B%7B%22question%22%3A%22Perd%5Cu00ed%20los%20documentos%20de%20mi%20veh%5Cu00edculo%2C%20%5Cu00bfqu%5Cu00e9%20hago%3F%22%2C%22answer%22%3A%22En%20caso%20de%20p%5Cu00e9rdida%20de%20los%20documentos%20de%20un%20veh%5Cu00edculo%2C%20debe%20tramitar%20un%20duplicado%20en%20el%20Organismo%20de%20Tr%5Cu00e1nsito%20donde%20se%20encuentra%20el%20veh%5Cu00edculo%20matriculado%3A%3Cdiv%3E%3Cbr%3E%3C%5C%2Fdiv%3E%5Cn%3Cdiv%3E-%20Si%20deseas%20consultar%20los%20requisitos%20para%20sacar%20el%20duplicado%20de%20tu%20licencia%20de%20conducci%5Cu00f3n%2C%20%3Ca%20href%3D%5C%22https%3A%5C%2F%5C%2Fwww.movilidadmanizales.com.co%5C%2Fcontenidos%5C%2Frequisitos%5C%2Fduplicado-de-la-licencia-de-conduccion%5C%2F%5C%22%20target%3D%5C%22_blank%5C%22%3Ehaz%20clic%20aqu%5Cu00ed%3C%5C%2Fa%3E.%3Cbr%3E-%20Si%20deseas%20consultar%20los%20requisitos%20para%20sacar%20el%20duplicado%20de%20tu%20licencia%20de%20tr%5Cu00e1nsito%2C%26nbsp%3B%3Ca%20href%3D%5C%22https%3A%5C%2F%5C%2Fwww.movilidadmanizales.com.co%5C%2Fcontenidos%5C%2Frequisitos%5C%2Fduplicado-de-licencia-de-transito-tarjeta-de-propiedad%5C%2F%5C%22%3Ehaz%20clic%20aqu%5Cu00ed.%3C%5C%2Fa%3E%3Cbr%3E-%20En%20caso%20de%20p%5Cu00e9rdida%20del%20SOAT%2C%20debe%20solicitar%20el%20duplicado%20en%20la%20compa%5Cu00f1%5Cu00eda%20aseguradora%20que%20lo%20expidi%5Cu00f3.%3Cbr%3E-%20En%20caso%20de%20p%5Cu00e9rdida%20del%20certificado%20de%20revisi%5Cu00f3n%20t%5Cu00e9cnico%20mec%5Cu00e1nica%2C%20puede%20solicitar%20el%20certificado%20en%20la%20CDA%20que%20la%20expidi%5Cu00f3.%3C%5C%2Fdiv%3E%22%7D%2C%7B%22question%22%3A%22%5Cu00bfPuedo%20conducir%20con%20copias%20de%20mis%20documentos%3F%22%2C%22answer%22%3A%22El%20conductor%20de%20un%20veh%5Cu00edculo%20est%5Cu00e1%20en%20la%20obligaci%5Cu00f3n%20de%20presentar%2C%20cuando%20sea%20requerido%20por%20la%20autoridad%20de%20tr%5Cu00e1nsito%2C%20en%20original%20los%20siguientes%20documentos%3A%20documento%20de%20identificaci%5Cu00f3n%2C%20licencia%20de%20conducci%5Cu00f3n%2C%20licencia%20de%20tr%5Cu00e1nsito%20y%20certificado%20de%20revisi%5Cu00f3n%20t%5Cu00e9cnico-mec%5Cu00e1nica.%20Conducir%20un%20veh%5Cu00edculo%20en%20Colombia%20sin%20llevar%20consigo%20la%20versi%5Cu00f3n%20original%20de%20estos%20documentos%20es%20sancionable.%3Cdiv%3E%3Cbr%3E%5Cn%20%20%20%20%3Cdiv%3ELa%20obligaci%5Cu00f3n%20del%20conductor%20del%20veh%5Cu00edculo%20de%20portar%20el%20SOAT%2C%20previsto%20en%20el%20literal%20D.2%20del%20art%5Cu00edculo%20131%20del%20C%5Cu00f3digo%20Nacional%20de%20Tr%5Cu00e1nsito%2C%20se%20entender%5Cu00e1%20cumplida%20con%20la%20presentaci%5Cu00f3n%20de%20la%20p%5Cu00f3liza%20de%20seguro%20f%5Cu00edsica%20o%20electr%5Cu00f3nica%20a%20la%20autoridad%20de%20tr%5Cu00e1nsito%2C%20quien%20deber%5Cu00e1%20verificar%20su%20autenticidad%20cotej%5Cu00e1ndolo%20con%20la%20informaci%5Cu00f3n%20contenida%20en%20el%20RUNT.%20Si%20verificada%20la%20informaci%5Cu00f3n%20por%20parte%20de%20la%20autoridad%20se%20evidencia%20la%20no%20existencia%20de%20la%20p%5Cu00f3liza%20en%20el%20RUNT%2C%20proceder%5Cu00e1%20a%20imponer%20el%20comparendo%2C%20lo%20anterior%20de%20acuerdo%20con%20la%20Resoluci%5Cu00f3n%204170%20del%2005%20de%20octubre%20de%202016.%3C%5C%2Fdiv%3E%5Cn%3C%5C%2Fdiv%3E%22%7D%5D%7D%5D%2C%22widgetTitle%22%3A%22%22%2C%22layout%22%3A%22accordion%22%2C%22accordionIcon%22%3A%22plus%22%2C%22openFirstQuestionByDefault%22%3Afalse%2C%22multipleActiveQuestions%22%3Afalse%2C%22showSearchBar%22%3Afalse%2C%22template%22%3A%22bg-shadow%22%2C%22itemBackgroundColor%22%3A%22rgb%28250%2C%20250%2C%20250%29%22%2C%22questionTextColor%22%3A%22%22%2C%22answerTextColor%22%3A%22rgb%28100%2C%20100%2C%20100%29%22%2C%22categoryTextColor%22%3A%22%22%2C%22widgetId%22%3A%225%22%7D\" \n                data-elfsight-faq-version=\"1.4.1\"\n                data-elfsight-widget-id=\"elfsight-faq-5\">\n            <\/div>\n            [\/vc_column_text][\/vc_tta_section][vc_tta_section title=\u00bbRevisi\u00f3n t\u00e9cnico mec\u00e1nica\u00bb tab_id=\u00bb1645741340969-0da8c2a2-6573&#8243;][vc_column_text]\n            <div \n                class=\"elfsight-widget-faq elfsight-widget\" \n                data-elfsight-faq-options=\"%7B%22displayCategoriesNames%22%3Afalse%2C%22categories%22%3A%5B%7B%22name%22%3A%22Revisi%5Cu00f3n%20t%5Cu00e9cnico-mec%5Cu00e1nica%22%2C%22icon%22%3A%22%22%2C%22items%22%3A%5B%7B%22question%22%3A%22%5Cu00bfCada%20cu%5Cu00e1nto%20debo%20revisar%20gases%20a%20mi%20veh%5Cu00edculo%3F%22%2C%22answer%22%3A%22%3Cdiv%3ELa%20revisi%5Cu00f3n%20t%5Cu00e9cnico%20m%5Cu00e9canica%2C%20debe%20realizarse%20en%20un%20Centro%20Diagn%5Cu00f3stico%20Automotor%20y%20seg%5Cu00fan%20el%20tipo%20de%20veh%5Cu00edculo%2C%20se%20determina%20la%20periodicidad%20de%20esta%20revisi%5Cu00f3n%3A%3C%5C%2Fdiv%3E%3Cdiv%3E%3Cbr%3E%3C%5C%2Fdiv%3E%3Cdiv%3E%3Cul%3E%3Cli%3EVeh%5Cu00edculos%20de%20servicio%20particular%20y%20motocicletas%3A%20Su%20primera%20revisi%5Cu00f3n%2C%20se%20realiza%20cinco%20%285%29%20a%5Cu00f1os%20despu%5Cu00e9s%20de%20la%20matr%5Cu00edcula%20inicial.%20Despu%5Cu00e9s%20de%20esta%20primera%20revisi%5Cu00f3n%2C%20se%20realiza%20cada%20a%5Cu00f1o.%3C%5C%2Fli%3E%3Cli%3EServicio%20p%5Cu00fablico%3A%20Su%20primera%20revisi%5Cu00f3n%2C%20se%20realiza%20a%20partir%20de%20la%20fecha%20de%20la%20matr%5Cu00edcula%20inicial%2C%20cada%20a%5Cu00f1o.%3C%5C%2Fli%3E%3C%5C%2Ful%3E%3C%5C%2Fdiv%3E%22%7D%2C%7B%22question%22%3A%22%5Cu00bfQu%5Cu00e9%20debo%20hacer%20si%20mi%20certificado%20de%20gases%20se%20venci%5Cu00f3%3F%22%2C%22answer%22%3A%22Te%20debes%20dirigir%20a%20un%20Centro%20de%20Diagn%5Cu00f3stico%20Automotor%20para%20realizar%20el%20tr%5Cu00e1mite%20y%20la%20actualizaci%5Cu00f3n%20de%20la%20revisi%5Cu00f3n%20t%5Cu00e9cnico%20mec%5Cu00e1nica.%22%7D%2C%7B%22question%22%3A%22%5Cu00bfQui%5Cu00e9nes%20est%5Cu00e1n%20exentos%20de%20revisi%5Cu00f3n%20t%5Cu00e9cnico-mec%5Cu00e1nica%20y%20de%20gases%3F%22%2C%22answer%22%3A%22La%20resoluci%5Cu00f3n%203500%20del%2021%20de%20noviembre%20de%202005%2C%20en%20el%20par%5Cu00e1grafo%20del%20art%5Cu00edculo%2017%20determina%3A%20los%20veh%5Cu00edculos%20automotores%20registrados%20como%20cl%5Cu00e1sicos%20o%20antiguos%2C%20agr%5Cu00edcolas%2C%20montacargas%2C%20sidecar%2C%20la%20maquinar%5Cu00eda%20rodante%20de%20construcci%5Cu00f3n%20y%20miner%5Cu00eda%2C%20no%20est%5Cu00e1n%20sometidos%20a%20las%20revisiones%20t%5Cu00e9cnico-mec%5Cu00e1nica%20y%20de%20gases%20de%20que%20trata%20la%20presente%20resoluci%5Cu00f3n.%22%7D%5D%7D%5D%2C%22widgetTitle%22%3A%22%22%2C%22layout%22%3A%22accordion%22%2C%22accordionIcon%22%3A%22plus%22%2C%22openFirstQuestionByDefault%22%3Afalse%2C%22multipleActiveQuestions%22%3Afalse%2C%22showSearchBar%22%3Afalse%2C%22template%22%3A%22bg-shadow%22%2C%22itemBackgroundColor%22%3A%22rgb%28250%2C%20250%2C%20250%29%22%2C%22questionTextColor%22%3A%22%22%2C%22answerTextColor%22%3A%22rgb%28100%2C%20100%2C%20100%29%22%2C%22categoryTextColor%22%3A%22%22%2C%22widgetId%22%3A%226%22%7D\" \n                data-elfsight-faq-version=\"1.4.1\"\n                data-elfsight-widget-id=\"elfsight-faq-6\">\n            <\/div>\n            [\/vc_column_text][\/vc_tta_section][vc_tta_section title=\u00bbEntrega de Veh\u00edculo\u00bb tab_id=\u00bb1696186738920-f1a010e1-6b31&#8243;][vc_column_text]\n            <div \n                class=\"elfsight-widget-faq elfsight-widget\" \n                data-elfsight-faq-options=\"%7B%22displayCategoriesNames%22%3Afalse%2C%22categories%22%3A%5B%7B%22name%22%3A%22Entrega%20de%20Veh%5Cu00edculo%22%2C%22icon%22%3A%22%22%2C%22items%22%3A%5B%7B%22question%22%3A%22Requisitos%20para%20retirar%20el%20veh%5Cu00edculo%22%2C%22answer%22%3A%22%3Cstrong%3EEsta%20es%20la%20documentaci%5Cu00f3n%20necesaria%20para%20recuperar%20su%20veh%5Cu00edculo%3A%3C%5C%2Fstrong%3E%5Cn%3Cdiv%3E%5Cn%20%20%20%20%3Cul%3E%5Cn%20%20%20%20%20%20%20%20%3Cli%3ELa%20persona%20debe%20subsanar%20el%20motivo%20que%20gener%5Cu00f3%20la%20inmovilizaci%5Cu00f3n.%3C%5C%2Fli%3E%3Cli%3EDocumento%20de%20identificaci%5Cu00f3n%20del%20infractor.%3C%5C%2Fli%3E%3Cli%3ELicencia%20de%20tr%5Cu00e1nsito.%3C%5C%2Fli%3E%3Cli%3ELicencia%20de%20conducci%5Cu00f3n%20%2ASi%20la%20persona%20que%20retira%20el%20veh%5Cu00edculo%20no%20tiene%20licencia%20vigente%20y%20la%20categor%5Cu00eda%20correspondiente%20para%20conducirlo%2C%20el%20veh%5Cu00edculo%20debe%20salir%20del%20patio%20en%20gr%5Cu00faa%20o%20mediante%20autorizado%20que%20cumpla%20con%20requisitos.%3C%5C%2Fli%3E%3Cli%3ESeguro%20Obligatorio%20de%20Accidentes%20de%20Tr%5Cu00e1nsito%20%28SOAT%29.%3C%5C%2Fli%3E%3Cli%3ERevisi%5Cu00f3n%20T%5Cu00e9cnico%20Mec%5Cu00e1nica%20%28RTM%29%20%2ASi%20el%20veh%5Cu00edculo%20no%20la%20tiene%20vigente%20debe%20salir%20del%20patio%20en%20gr%5Cu00faa.%3Cbr%3E%3C%5C%2Fli%3E%5Cn%20%20%20%20%3C%5C%2Ful%3E%5Cn%3C%5C%2Fdiv%3E%5Cn%3Cdiv%3E%5Cn%20%20%20%20%3Cul%3E%5Cn%20%20%20%20%3C%5C%2Ful%3E%5Cn%3C%5C%2Fdiv%3E%22%7D%5D%7D%5D%2C%22widgetTitle%22%3A%22%22%2C%22layout%22%3A%22accordion%22%2C%22accordionIcon%22%3A%22plus%22%2C%22openFirstQuestionByDefault%22%3Afalse%2C%22multipleActiveQuestions%22%3Afalse%2C%22showSearchBar%22%3Afalse%2C%22template%22%3A%22bg-shadow%22%2C%22itemBackgroundColor%22%3A%22rgb%28250%2C%20250%2C%20250%29%22%2C%22questionTextColor%22%3A%22%22%2C%22answerTextColor%22%3A%22rgb%28100%2C%20100%2C%20100%29%22%2C%22categoryTextColor%22%3A%22%22%2C%22widgetId%22%3A%224%22%7D\" \n                data-elfsight-faq-version=\"1.4.1\"\n                data-elfsight-widget-id=\"elfsight-faq-4\">\n            <\/div>\n            [\/vc_column_text][\/vc_tta_section][\/vc_tta_tour][\/vc_column][\/vc_row]<\/p>\n<\/div>","protected":false},"excerpt":{"rendered":"<p>[vc_row bg_type=\u00bbbg_color\u00bb bg_override=\u00bbfull\u00bb css=\u00bb.vc_custom_1519230229731{margin-top: 0px !important;margin-bottom: 0px !important;padding-top: 0px !important;padding-bottom: 20px !important;}\u00bb][vc_column][vc_custom_heading text=\u00bbPreguntas frecuentes\u00bb font_container=\u00bbtag:h1|text_align:left\u00bb use_theme_fonts=\u00bbyes\u00bb][\/vc_column][\/vc_row][vc_row css=\u00bb.vc_custom_1519229550975{margin-top: 0px !important;margin-bottom: 0px !important;padding-top: 0px !important;padding-bottom: 80px !important;}\u00bb][vc_column][vc_tta_tour section_title_tag=\u00bbh3&#8243; color=\u00bbwhite\u00bb active_section=\u00bb1&#8243; no_fill_content_area=\u00bbtrue\u00bb][vc_tta_section title=\u00bbServicios Digitales\u00bb tab_id=\u00bb1645720968692-ad30d29e-b3c2&#8243;][vc_column_text css=\u00bb.vc_custom_1686318915579{margin-top: 0px !important;padding-top: -90px !important;}\u00bb][\/vc_column_text][\/vc_tta_section][vc_tta_section title=\u00bbAcuerdos de pago\u00bb tab_id=\u00bb1645720968715-7bc835d1-a440&#8243;][vc_column_text][\/vc_column_text][\/vc_tta_section][vc_tta_section title=\u00bbP\u00e9rdida y copia de Documentos\u00bb tab_id=\u00bb1645741321075-fdcd7fcc-7f8f\u00bb][vc_column_text][\/vc_column_text][\/vc_tta_section][vc_tta_section title=\u00bbRevisi\u00f3n t\u00e9cnico mec\u00e1nica\u00bb<\/p>\n","protected":false},"author":1,"featured_media":0,"parent":0,"menu_order":0,"comment_status":"closed","ping_status":"closed","template":"","meta":{"footnotes":""},"class_list":["post-193","page","type-page","status-publish","hentry"],"_links":{"self":[{"href":"https:\/\/www.movilidadmanizales.com.co\/contenidos\/wp-json\/wp\/v2\/pages\/193","targetHints":{"allow":["GET"]}}],"collection":[{"href":"https:\/\/www.movilidadmanizales.com.co\/contenidos\/wp-json\/wp\/v2\/pages"}],"about":[{"href":"https:\/\/www.movilidadmanizales.com.co\/contenidos\/wp-json\/wp\/v2\/types\/page"}],"author":[{"embeddable":true,"href":"https:\/\/www.movilidadmanizales.com.co\/contenidos\/wp-json\/wp\/v2\/users\/1"}],"replies":[{"embeddable":true,"href":"https:\/\/www.movilidadmanizales.com.co\/contenidos\/wp-json\/wp\/v2\/comments?post=193"}],"version-history":[{"count":8,"href":"https:\/\/www.movilidadmanizales.com.co\/contenidos\/wp-json\/wp\/v2\/pages\/193\/revisions"}],"predecessor-version":[{"id":4733,"href":"https:\/\/www.movilidadmanizales.com.co\/contenidos\/wp-json\/wp\/v2\/pages\/193\/revisions\/4733"}],"wp:attachment":[{"href":"https:\/\/www.movilidadmanizales.com.co\/contenidos\/wp-json\/wp\/v2\/media?parent=193"}],"curies":[{"name":"wp","href":"https:\/\/api.w.org\/{rel}","templated":true}]}}